{"id":1056,"date":"2019-05-07T07:31:08","date_gmt":"2019-05-07T06:31:08","guid":{"rendered":"https:\/\/www.nerta.com\/account-manager-wallonie\/"},"modified":"2019-05-07T07:31:08","modified_gmt":"2019-05-07T06:31:08","slug":"account-manager-wallonie","status":"publish","type":"page","link":"https:\/\/www.nerta.com\/pl\/kariera\/account-manager-wallonie\/","title":{"rendered":"Account Manager r\u00e9gion Wallonie"},"content":{"rendered":"<p>Nous recrutons un repr\u00e9sentant pour suivre et d\u00e9velopper une client\u00e8le dans le secteur des transports, Truck Wash, Car Wash, Tank Cleaning et agroalimentaire pour la (grande) r\u00e9gion de Charleroi &#8211; Namur &#8211; Bruxelles.<\/p>\n<p><strong>Responsabilit\u00e9s: <\/strong><\/p>\n<ul>\n<li>Vous \u00eates responsable des ventes et du d\u00e9veloppement de votre secteur.<\/li>\n<li>Vous \u00eates le point de contact entre vos clients et la soci\u00e9t\u00e9 Nerta.<\/li>\n<li>Vous avez connaissance des clients et potentiels en rapport avec l&#8217;activit\u00e9 de l&#8217;entreprise et contribuez \u00e0 la croissance aussi par la prospection.<\/li>\n<li>Vous obtiendrez les connaissances n\u00e9cessaires sur les produits et recrevrez une formation.<\/li>\n<li>Vous devrez participer aux salons en rapport avec votre r\u00e9gion.<\/li>\n<\/ul>\n<p><strong><br \/>\nProfil:<\/strong><\/p>\n<ul>\n<li>Connaissance du secteur automobile et poids lourds sera appr\u00e9ci\u00e9e.<\/li>\n<li>Autonome, vous devrez organiser vos plannings et d\u00e9placements.<\/li>\n<li>Mentalit\u00e9 commerciale, rapide et efficace.<\/li>\n<li>Vous devrez r\u00e9sider sur votre r\u00e9gion d&#8217;activit\u00e9, poss\u00e9der votre permis B.<\/li>\n<\/ul>\n<p><strong><br \/>\nSoci\u00e9t\u00e9:<\/strong><\/p>\n<p>NERTA est un acteur ind\u00e9pendant et leader dans le secteur de la fabrication de produits de nettoyage pour les activit\u00e9s v\u00e9hicules l\u00e9gers, Poids lourds et Agroalimentaire.<\/p>\n<p><span class=\"tlid-translation translation\" lang=\"fr\"><span class=\"\" title=\"\">Envoyez votre CV et votre lettre de motivation \u00e0 Evy Van Havermaet: Evy.Van.Havermaet@btc-nv.be<\/span><\/span><\/p>\n","protected":false},"excerpt":{"rendered":"<p>Nous recrutons un repr\u00e9sentant pour suivre et d\u00e9velopper une client\u00e8le dans le secteur des transports, Truck Wash, Car Wash, Tank Cleaning et agroalimentaire pour la (grande) r\u00e9gion de Charleroi &#8211; Namur &#8211; Bruxelles. Responsabilit\u00e9s: Vous \u00eates responsable des ventes et du d\u00e9veloppement de votre secteur. Vous \u00eates le point de contact entre vos clients et &hellip; <\/p>\n<p class=\"link-more\"><a href=\"https:\/\/www.nerta.com\/pl\/kariera\/account-manager-wallonie\/\" class=\"more-link\">Continue reading<span class=\"screen-reader-text\"> &#8222;Account Manager r\u00e9gion Wallonie&#8221;<\/span><\/a><\/p>\n","protected":false},"author":2,"featured_media":0,"parent":1153,"menu_order":0,"comment_status":"closed","ping_status":"closed","template":"template-parts\/tmp_career_detail.php","meta":{"footnotes":""},"class_list":["post-1056","page","type-page","status-publish","hentry"],"acf":[],"yoast_head":"<!-- This site is optimized with the Yoast SEO plugin v27.5 - https:\/\/yoast.com\/product\/yoast-seo-wordpress\/ -->\n<title>Account Manager r\u00e9gion Wallonie - Nerta Professional cleaning products<\/title>\n<meta name=\"robots\" content=\"index, follow, max-snippet:-1, max-image-preview:large, max-video-preview:-1\" \/>\n<link rel=\"canonical\" href=\"https:\/\/www.nerta.com\/pl\/kariera\/account-manager-wallonie\/\" \/>\n<meta property=\"og:locale\" content=\"pl_PL\" \/>\n<meta property=\"og:type\" content=\"article\" \/>\n<meta property=\"og:title\" content=\"Account Manager r\u00e9gion Wallonie - Nerta Professional cleaning products\" \/>\n<meta property=\"og:description\" content=\"Nous recrutons un repr\u00e9sentant pour suivre et d\u00e9velopper une client\u00e8le dans le secteur des transports, Truck Wash, Car Wash, Tank Cleaning et agroalimentaire pour la (grande) r\u00e9gion de Charleroi &#8211; Namur &#8211; Bruxelles. Responsabilit\u00e9s: Vous \u00eates responsable des ventes et du d\u00e9veloppement de votre secteur. Vous \u00eates le point de contact entre vos clients et &hellip; Continue reading &quot;Account Manager r\u00e9gion Wallonie&quot;\" \/>\n<meta property=\"og:url\" content=\"https:\/\/www.nerta.com\/pl\/kariera\/account-manager-wallonie\/\" \/>\n<meta property=\"og:site_name\" content=\"Nerta Professional cleaning products\" \/>\n<meta property=\"og:image\" content=\"https:\/\/www.nerta.com\/wp-content\/uploads\/2017\/07\/nerta-facebook.jpg\" \/>\n<meta name=\"twitter:card\" content=\"summary_large_image\" \/>\n<meta name=\"twitter:label1\" content=\"Szacowany czas czytania\" \/>\n\t<meta name=\"twitter:data1\" content=\"1 minuta\" \/>\n<script type=\"application\/ld+json\" class=\"yoast-schema-graph\">{\"@context\":\"https:\\\/\\\/schema.org\",\"@graph\":[{\"@type\":\"WebPage\",\"@id\":\"https:\\\/\\\/www.nerta.com\\\/pl\\\/kariera\\\/account-manager-wallonie\\\/\",\"url\":\"https:\\\/\\\/www.nerta.com\\\/pl\\\/kariera\\\/account-manager-wallonie\\\/\",\"name\":\"Account Manager r\u00e9gion Wallonie - Nerta Professional cleaning products\",\"isPartOf\":{\"@id\":\"https:\\\/\\\/www.nerta.com\\\/#website\"},\"datePublished\":\"2019-05-07T06:31:08+00:00\",\"breadcrumb\":{\"@id\":\"https:\\\/\\\/www.nerta.com\\\/pl\\\/kariera\\\/account-manager-wallonie\\\/#breadcrumb\"},\"inLanguage\":\"pl-PL\",\"potentialAction\":[{\"@type\":\"ReadAction\",\"target\":[\"https:\\\/\\\/www.nerta.com\\\/pl\\\/kariera\\\/account-manager-wallonie\\\/\"]}]},{\"@type\":\"BreadcrumbList\",\"@id\":\"https:\\\/\\\/www.nerta.com\\\/pl\\\/kariera\\\/account-manager-wallonie\\\/#breadcrumb\",\"itemListElement\":[{\"@type\":\"ListItem\",\"position\":1,\"name\":\"Home\",\"item\":\"https:\\\/\\\/www.nerta.com\\\/pl\\\/\"},{\"@type\":\"ListItem\",\"position\":2,\"name\":\"Kariera\",\"item\":\"https:\\\/\\\/www.nerta.com\\\/pl\\\/kariera\\\/\"},{\"@type\":\"ListItem\",\"position\":3,\"name\":\"Account Manager r\u00e9gion Wallonie\"}]},{\"@type\":\"WebSite\",\"@id\":\"https:\\\/\\\/www.nerta.com\\\/#website\",\"url\":\"https:\\\/\\\/www.nerta.com\\\/\",\"name\":\"Nerta Professional cleaning products\",\"description\":\"Carwash and truck wash cleaning products\",\"publisher\":{\"@id\":\"https:\\\/\\\/www.nerta.com\\\/#organization\"},\"potentialAction\":[{\"@type\":\"SearchAction\",\"target\":{\"@type\":\"EntryPoint\",\"urlTemplate\":\"https:\\\/\\\/www.nerta.com\\\/?s={search_term_string}\"},\"query-input\":{\"@type\":\"PropertyValueSpecification\",\"valueRequired\":true,\"valueName\":\"search_term_string\"}}],\"inLanguage\":\"pl-PL\"},{\"@type\":\"Organization\",\"@id\":\"https:\\\/\\\/www.nerta.com\\\/#organization\",\"name\":\"Nerta\",\"url\":\"https:\\\/\\\/www.nerta.com\\\/\",\"logo\":{\"@type\":\"ImageObject\",\"inLanguage\":\"pl-PL\",\"@id\":\"https:\\\/\\\/www.nerta.com\\\/#\\\/schema\\\/logo\\\/image\\\/\",\"url\":\"https:\\\/\\\/www.nerta.com\\\/wp-content\\\/uploads\\\/2017\\\/07\\\/logo.png\",\"contentUrl\":\"https:\\\/\\\/www.nerta.com\\\/wp-content\\\/uploads\\\/2017\\\/07\\\/logo.png\",\"width\":600,\"height\":181,\"caption\":\"Nerta\"},\"image\":{\"@id\":\"https:\\\/\\\/www.nerta.com\\\/#\\\/schema\\\/logo\\\/image\\\/\"}}]}<\/script>\n<!-- \/ Yoast SEO plugin. -->","yoast_head_json":{"title":"Account Manager r\u00e9gion Wallonie - Nerta Professional cleaning products","robots":{"index":"index","follow":"follow","max-snippet":"max-snippet:-1","max-image-preview":"max-image-preview:large","max-video-preview":"max-video-preview:-1"},"canonical":"https:\/\/www.nerta.com\/pl\/kariera\/account-manager-wallonie\/","og_locale":"pl_PL","og_type":"article","og_title":"Account Manager r\u00e9gion Wallonie - Nerta Professional cleaning products","og_description":"Nous recrutons un repr\u00e9sentant pour suivre et d\u00e9velopper une client\u00e8le dans le secteur des transports, Truck Wash, Car Wash, Tank Cleaning et agroalimentaire pour la (grande) r\u00e9gion de Charleroi &#8211; Namur &#8211; Bruxelles. Responsabilit\u00e9s: Vous \u00eates responsable des ventes et du d\u00e9veloppement de votre secteur. Vous \u00eates le point de contact entre vos clients et &hellip; Continue reading \"Account Manager r\u00e9gion Wallonie\"","og_url":"https:\/\/www.nerta.com\/pl\/kariera\/account-manager-wallonie\/","og_site_name":"Nerta Professional cleaning products","og_image":[{"url":"https:\/\/www.nerta.com\/wp-content\/uploads\/2017\/07\/nerta-facebook.jpg","type":"","width":"","height":""}],"twitter_card":"summary_large_image","twitter_misc":{"Szacowany czas czytania":"1 minuta"},"schema":{"@context":"https:\/\/schema.org","@graph":[{"@type":"WebPage","@id":"https:\/\/www.nerta.com\/pl\/kariera\/account-manager-wallonie\/","url":"https:\/\/www.nerta.com\/pl\/kariera\/account-manager-wallonie\/","name":"Account Manager r\u00e9gion Wallonie - Nerta Professional cleaning products","isPartOf":{"@id":"https:\/\/www.nerta.com\/#website"},"datePublished":"2019-05-07T06:31:08+00:00","breadcrumb":{"@id":"https:\/\/www.nerta.com\/pl\/kariera\/account-manager-wallonie\/#breadcrumb"},"inLanguage":"pl-PL","potentialAction":[{"@type":"ReadAction","target":["https:\/\/www.nerta.com\/pl\/kariera\/account-manager-wallonie\/"]}]},{"@type":"BreadcrumbList","@id":"https:\/\/www.nerta.com\/pl\/kariera\/account-manager-wallonie\/#breadcrumb","itemListElement":[{"@type":"ListItem","position":1,"name":"Home","item":"https:\/\/www.nerta.com\/pl\/"},{"@type":"ListItem","position":2,"name":"Kariera","item":"https:\/\/www.nerta.com\/pl\/kariera\/"},{"@type":"ListItem","position":3,"name":"Account Manager r\u00e9gion Wallonie"}]},{"@type":"WebSite","@id":"https:\/\/www.nerta.com\/#website","url":"https:\/\/www.nerta.com\/","name":"Nerta Professional cleaning products","description":"Carwash and truck wash cleaning products","publisher":{"@id":"https:\/\/www.nerta.com\/#organization"},"potentialAction":[{"@type":"SearchAction","target":{"@type":"EntryPoint","urlTemplate":"https:\/\/www.nerta.com\/?s={search_term_string}"},"query-input":{"@type":"PropertyValueSpecification","valueRequired":true,"valueName":"search_term_string"}}],"inLanguage":"pl-PL"},{"@type":"Organization","@id":"https:\/\/www.nerta.com\/#organization","name":"Nerta","url":"https:\/\/www.nerta.com\/","logo":{"@type":"ImageObject","inLanguage":"pl-PL","@id":"https:\/\/www.nerta.com\/#\/schema\/logo\/image\/","url":"https:\/\/www.nerta.com\/wp-content\/uploads\/2017\/07\/logo.png","contentUrl":"https:\/\/www.nerta.com\/wp-content\/uploads\/2017\/07\/logo.png","width":600,"height":181,"caption":"Nerta"},"image":{"@id":"https:\/\/www.nerta.com\/#\/schema\/logo\/image\/"}}]}},"_links":{"self":[{"href":"https:\/\/www.nerta.com\/pl\/wp-json\/wp\/v2\/pages\/1056","targetHints":{"allow":["GET"]}}],"collection":[{"href":"https:\/\/www.nerta.com\/pl\/wp-json\/wp\/v2\/pages"}],"about":[{"href":"https:\/\/www.nerta.com\/pl\/wp-json\/wp\/v2\/types\/page"}],"author":[{"embeddable":true,"href":"https:\/\/www.nerta.com\/pl\/wp-json\/wp\/v2\/users\/2"}],"replies":[{"embeddable":true,"href":"https:\/\/www.nerta.com\/pl\/wp-json\/wp\/v2\/comments?post=1056"}],"version-history":[{"count":0,"href":"https:\/\/www.nerta.com\/pl\/wp-json\/wp\/v2\/pages\/1056\/revisions"}],"up":[{"embeddable":true,"href":"https:\/\/www.nerta.com\/pl\/wp-json\/wp\/v2\/pages\/1153"}],"wp:attachment":[{"href":"https:\/\/www.nerta.com\/pl\/wp-json\/wp\/v2\/media?parent=1056"}],"curies":[{"name":"wp","href":"https:\/\/api.w.org\/{rel}","templated":true}]}}